{"id":53,"date":"2018-07-21T00:32:26","date_gmt":"2018-07-21T00:32:26","guid":{"rendered":"https:\/\/fundacionmente.com\/academia\/mi-cuenta\/"},"modified":"2023-04-11T19:59:00","modified_gmt":"2023-04-11T23:59:00","slug":"mi-cuenta","status":"publish","type":"page","link":"https:\/\/fundacionmente.com\/academia\/mi-cuenta\/","title":{"rendered":"Mi cuenta"},"content":{"rendered":"<p>[et_pb_section fb_built=\u00bb1&#8243; _builder_version=\u00bb3.22&#8243; global_colors_info=\u00bb{}\u00bb][et_pb_row _builder_version=\u00bb4.11.2&#8243; _module_preset=\u00bbdefault\u00bb display_conditions=\u00bbW3siaWQiOiI4YjlkYzY1My1kZTA2LTRmMWEtYTk1ZS1kYmI3Zjg0NmQ1ZGEiLCJjb25kaXRpb24iOiJsb2dnZWRJblN0YXR1cyIsImNvbmRpdGlvblNldHRpbmdzIjp7ImxvZ2dlZEluU3RhdHVzIjoibG9nZ2VkSW4iLCJhZG1pbkxhYmVsIjoiTG9nZ2VkIEluIFN0YXR1cyIsImVuYWJsZUNvbmRpdGlvbiI6Im9uIn0sIm9wZXJhdG9yIjoiQU5EIn1d\u00bb animation_style=\u00bbbounce\u00bb border_color_all=\u00bb#35A095&#8243; border_style_all=\u00bbdashed\u00bb global_colors_info=\u00bb{}\u00bb][et_pb_column type=\u00bb4_4&#8243; _builder_version=\u00bb4.11.2&#8243; _module_preset=\u00bbdefault\u00bb global_colors_info=\u00bb{}\u00bb][et_pb_accordion _builder_version=\u00bb4.11.2&#8243; _module_preset=\u00bbdefault\u00bb display_conditions=\u00bbW3siaWQiOiI4MGY0MWNmNC00OGU4LTRjMTUtYjNkMC0yNmI1MDc3ZjkzNGEiLCJjb25kaXRpb24iOiJudW1iZXJPZlZpZXdzIiwiY29uZGl0aW9uU2V0dGluZ3MiOnsibnVtYmVyT2ZWaWV3cyI6IjEiLCJyZXNldEFmdGVyRHVyYXRpb24iOiJvZmYiLCJkaXNwbGF5QWdhaW5BZnRlciI6IiIsImRpc3BsYXlBZ2FpbkFmdGVyVW5pdCI6ImRheXMiLCJhZG1pbkxhYmVsIjoiTnVtYmVyIG9mIFZpZXdzIiwiZW5hYmxlQ29uZGl0aW9uIjoib24ifSwib3BlcmF0b3IiOiJPUiJ9XQ==\u00bb hover_enabled=\u00bb0&#8243; global_colors_info=\u00bb{}\u00bb sticky_enabled=\u00bb0&#8243; disabled_on=\u00bbon|on|on\u00bb disabled=\u00bbon\u00bb][et_pb_accordion_item title=\u00bbSolicita acceso a curso %22La relaci\u00f3n terap\u00e9utica y la t\u00e9cnica de la moviola%22&#8243; open=\u00bbon\u00bb open_toggle_text_color=\u00bb#FFFFFF\u00bb _builder_version=\u00bb4.11.2&#8243; _module_preset=\u00bbdefault\u00bb background_color=\u00bb#35A095&#8243; background_enable_color=\u00bbon\u00bb global_colors_info=\u00bb{}\u00bb toggle_text_color=\u00bb#FFFFFF\u00bb]<\/p>\n<p><b style=\"color: #ffffff;\">IMPORTANTE: S\u00f3lo podr\u00e1s seleccionar una opci\u00f3n en esta <\/b><span style=\"color: #ffffff;\"><b>\u00fanica<\/b><\/span><b style=\"color: #ffffff;\">\u00a0oportunidad, <\/b><span style=\"color: #ffffff;\"><b>aseg\u00farate<\/b><\/span><b style=\"color: #ffffff;\"> de seleccionar la opci\u00f3n en la que te inscribiste. Si ya lo hiciste, ignora este mensaje.<\/b><\/p>\n<p>[\/et_pb_accordion_item][et_pb_accordion_item title=\u00bbONLINE\u00bb _builder_version=\u00bb4.11.2&#8243; _module_preset=\u00bbdefault\u00bb global_colors_info=\u00bb{}\u00bb open=\u00bboff\u00bb]<\/p>\n<p><span><div class=\"wpforms-container wpforms-container-full\" id=\"wpforms-2609\"><form id=\"wpforms-form-2609\" class=\"wpforms-validate wpforms-form wpforms-ajax-form\" data-formid=\"2609\" method=\"post\" enctype=\"multipart\/form-data\" action=\"\/academia\/wp-json\/wp\/v2\/pages\/53\" data-token=\"1a1a9e91449ee7edb93ba93b330b9257\"><noscript class=\"wpforms-error-noscript\">Por favor, activa JavaScript en tu navegador para completar este formulario.<\/noscript><div class=\"wpforms-field-container\"><div id=\"wpforms-2609-field_2-container\" class=\"wpforms-field wpforms-field-checkbox\" data-field-id=\"2\"><label class=\"wpforms-field-label\" for=\"wpforms-2609-field_2\">Solicitar acceso a curso La relaci\u00f3n terapeutica y t\u00e9cnica de la moviola (ONLINE)<\/label><ul id=\"wpforms-2609-field_2\"><li class=\"choice-1 depth-1\"><input type=\"checkbox\" id=\"wpforms-2609-field_2_1\" name=\"wpforms[fields][2][]\" value=\"Quiero acceder\"  ><label class=\"wpforms-field-label-inline\" for=\"wpforms-2609-field_2_1\">Quiero acceder<\/label><\/li><\/ul><\/div><\/div><div class=\"wpforms-submit-container\" ><input type=\"hidden\" name=\"wpforms[id]\" value=\"2609\"><input type=\"hidden\" name=\"wpforms[author]\" value=\"3\"><button type=\"submit\" name=\"wpforms[submit]\" class=\"wpforms-submit \" id=\"wpforms-submit-2609\" value=\"wpforms-submit\" aria-live=\"assertive\" data-alt-text=\"Solicitando\" data-submit-text=\"Solicitar acceso\">Solicitar acceso<\/button><img decoding=\"async\" loading=\"lazy\" src=\"https:\/\/fundacionmente.com\/academia\/wp-content\/plugins\/wpforms\/assets\/images\/submit-spin.svg\" class=\"wpforms-submit-spinner\" style=\"display: none;\" width=\"26\" height=\"26\" alt=\"\"><\/div><\/form><\/div>  <!-- .wpforms-container --><\/span><\/p>\n<p>[\/et_pb_accordion_item][et_pb_accordion_item title=\u00bbTEMUCO\u00bb _builder_version=\u00bb4.11.2&#8243; _module_preset=\u00bbdefault\u00bb global_colors_info=\u00bb{}\u00bb open=\u00bboff\u00bb]<\/p>\n<p><span><div class=\"wpforms-container wpforms-container-full\" id=\"wpforms-2610\"><form id=\"wpforms-form-2610\" class=\"wpforms-validate wpforms-form wpforms-ajax-form\" data-formid=\"2610\" method=\"post\" enctype=\"multipart\/form-data\" action=\"\/academia\/wp-json\/wp\/v2\/pages\/53\" data-token=\"1a1a9e91449ee7edb93ba93b330b9257\"><noscript class=\"wpforms-error-noscript\">Por favor, activa JavaScript en tu navegador para completar este formulario.<\/noscript><div class=\"wpforms-field-container\"><div id=\"wpforms-2610-field_2-container\" class=\"wpforms-field wpforms-field-checkbox\" data-field-id=\"2\"><label class=\"wpforms-field-label\" for=\"wpforms-2610-field_2\">Solicitar acceso a curso La relaci\u00f3n terap\u00e9utica y t\u00e9cnica de la moviola (TEMUCO)<\/label><ul id=\"wpforms-2610-field_2\"><li class=\"choice-1 depth-1\"><input type=\"checkbox\" id=\"wpforms-2610-field_2_1\" name=\"wpforms[fields][2][]\" value=\"Quiero acceder\"  ><label class=\"wpforms-field-label-inline\" for=\"wpforms-2610-field_2_1\">Quiero acceder<\/label><\/li><\/ul><\/div><\/div><div class=\"wpforms-submit-container\" ><input type=\"hidden\" name=\"wpforms[id]\" value=\"2610\"><input type=\"hidden\" name=\"wpforms[author]\" value=\"3\"><button type=\"submit\" name=\"wpforms[submit]\" class=\"wpforms-submit \" id=\"wpforms-submit-2610\" value=\"wpforms-submit\" aria-live=\"assertive\" data-alt-text=\"Solicitando\" data-submit-text=\"Solicitar acceso\">Solicitar acceso<\/button><img decoding=\"async\" loading=\"lazy\" src=\"https:\/\/fundacionmente.com\/academia\/wp-content\/plugins\/wpforms\/assets\/images\/submit-spin.svg\" class=\"wpforms-submit-spinner\" style=\"display: none;\" width=\"26\" height=\"26\" alt=\"\"><\/div><\/form><\/div>  <!-- .wpforms-container --><\/span><\/p>\n<p>[\/et_pb_accordion_item][\/et_pb_accordion][\/et_pb_column][\/et_pb_row][et_pb_row _builder_version=\u00bb3.25&#8243; background_size=\u00bbinitial\u00bb background_position=\u00bbtop_left\u00bb background_repeat=\u00bbrepeat\u00bb global_colors_info=\u00bb{}\u00bb][et_pb_column type=\u00bb4_4&#8243; _builder_version=\u00bb3.25&#8243; custom_padding=\u00bb|||\u00bb global_colors_info=\u00bb{}\u00bb custom_padding__hover=\u00bb|||\u00bb][et_pb_text _builder_version=\u00bb3.27.4&#8243; global_colors_info=\u00bb{}\u00bb]<br \/>\n[\/et_pb_text][et_pb_text _builder_version=\u00bb3.27.4&#8243; global_colors_info=\u00bb{}\u00bb]<div class=\"woocommerce\"><\/div><br \/>\n[\/et_pb_text][\/et_pb_column][\/et_pb_row][et_pb_row _builder_version=\u00bb4.8.1&#8243; _module_preset=\u00bbdefault\u00bb background_color=\u00bb#35a095&#8243; custom_padding=\u00bb|40px||40px|false|true\u00bb global_colors_info=\u00bb{}\u00bb][et_pb_column type=\u00bb4_4&#8243; _builder_version=\u00bb4.8.1&#8243; _module_preset=\u00bbdefault\u00bb global_colors_info=\u00bb{}\u00bb][et_pb_text _builder_version=\u00bb4.8.1&#8243; _module_preset=\u00bbdefault\u00bb text_font_size=\u00bb17px\u00bb text_orientation=\u00bbcenter\u00bb background_layout=\u00bbdark\u00bb global_colors_info=\u00bb{}\u00bb]<\/p>\n<p>Ninguna informaci\u00f3n contenida en este producto debe ser interpretada como una afirmaci\u00f3n para obtenci\u00f3n de resultados. Cualquier referencia al desempe\u00f1o informado o potencial de una estrategia abordada en el contenido no es y no debe ser interpretada como una recomendaci\u00f3n o como una garant\u00eda de cualquier resultado espec\u00edfico<\/p>\n<p>[\/et_pb_text][\/et_pb_column][\/et_pb_row][\/et_pb_section]<\/p>\n","protected":false},"excerpt":{"rendered":"<p>IMPORTANTE: S\u00f3lo podr\u00e1s seleccionar una opci\u00f3n en esta \u00fanica\u00a0oportunidad, aseg\u00farate de seleccionar la opci\u00f3n en la que te inscribiste. Si ya lo hiciste, ignora este mensaje.<div class=\"wpforms-container wpforms-container-full\" id=\"wpforms-2609\"><form id=\"wpforms-form-2609\" class=\"wpforms-validate wpforms-form wpforms-ajax-form\" data-formid=\"2609\" method=\"post\" enctype=\"multipart\/form-data\" action=\"\/academia\/wp-json\/wp\/v2\/pages\/53\" data-token=\"1a1a9e91449ee7edb93ba93b330b9257\"><noscript class=\"wpforms-error-noscript\">Por favor, activa JavaScript en tu navegador para completar este formulario.<\/noscript><div class=\"wpforms-field-container\"><div id=\"wpforms-2609-field_2-container\" class=\"wpforms-field wpforms-field-checkbox\" data-field-id=\"2\"><label class=\"wpforms-field-label\" for=\"wpforms-2609-field_2\">Solicitar acceso a curso La relaci\u00f3n terapeutica y t\u00e9cnica de la moviola (ONLINE)<\/label><ul id=\"wpforms-2609-field_2\"><li class=\"choice-1 depth-1\"><input type=\"checkbox\" id=\"wpforms-2609-field_2_1\" name=\"wpforms[fields][2][]\" value=\"Quiero acceder\"  ><label class=\"wpforms-field-label-inline\" for=\"wpforms-2609-field_2_1\">Quiero acceder<\/label><\/li><\/ul><\/div><\/div><div class=\"wpforms-submit-container\" ><input type=\"hidden\" name=\"wpforms[id]\" value=\"2609\"><input type=\"hidden\" name=\"wpforms[author]\" value=\"3\"><button type=\"submit\" name=\"wpforms[submit]\" class=\"wpforms-submit \" id=\"wpforms-submit-2609\" value=\"wpforms-submit\" aria-live=\"assertive\" data-alt-text=\"Solicitando\" data-submit-text=\"Solicitar acceso\">Solicitar acceso<\/button><img src=\"https:\/\/fundacionmente.com\/academia\/wp-content\/plugins\/wpforms\/assets\/images\/submit-spin.svg\" class=\"wpforms-submit-spinner\" style=\"display: none;\" width=\"26\" height=\"26\" alt=\"\"><\/div><\/form><\/div>  <!-- .wpforms-container --><div class=\"wpforms-container wpforms-container-full\" id=\"wpforms-2610\"><form id=\"wpforms-form-2610\" class=\"wpforms-validate wpforms-form wpforms-ajax-form\" data-formid=\"2610\" method=\"post\" enctype=\"multipart\/form-data\" action=\"\/academia\/wp-json\/wp\/v2\/pages\/53\" data-token=\"1a1a9e91449ee7edb93ba93b330b9257\"><noscript class=\"wpforms-error-noscript\">Por favor, activa JavaScript en tu navegador para completar este formulario.<\/noscript><div class=\"wpforms-field-container\"><div id=\"wpforms-2610-field_2-container\" class=\"wpforms-field wpforms-field-checkbox\" data-field-id=\"2\"><label class=\"wpforms-field-label\" for=\"wpforms-2610-field_2\">Solicitar acceso a curso La relaci\u00f3n terap\u00e9utica y t\u00e9cnica de la moviola (TEMUCO)<\/label><ul id=\"wpforms-2610-field_2\"><li class=\"choice-1 depth-1\"><input type=\"checkbox\" id=\"wpforms-2610-field_2_1\" name=\"wpforms[fields][2][]\" value=\"Quiero acceder\"  ><label class=\"wpforms-field-label-inline\" for=\"wpforms-2610-field_2_1\">Quiero acceder<\/label><\/li><\/ul><\/div><\/div><div class=\"wpforms-submit-container\" ><input type=\"hidden\" name=\"wpforms[id]\" value=\"2610\"><input type=\"hidden\" name=\"wpforms[author]\" value=\"3\"><button type=\"submit\" name=\"wpforms[submit]\" class=\"wpforms-submit \" id=\"wpforms-submit-2610\" value=\"wpforms-submit\" aria-live=\"assertive\" data-alt-text=\"Solicitando\" data-submit-text=\"Solicitar acceso\">Solicitar acceso<\/button><img src=\"https:\/\/fundacionmente.com\/academia\/wp-content\/plugins\/wpforms\/assets\/images\/submit-spin.svg\" class=\"wpforms-submit-spinner\" style=\"display: none;\" width=\"26\" height=\"26\" alt=\"\"><\/div><\/form><\/div>  <!-- .wpforms-container --> <div class=\"woocommerce\"><\/div> Ninguna informaci\u00f3n contenida en este producto debe ser interpretada como una afirmaci\u00f3n para obtenci\u00f3n de resultados. Cualquier referencia al desempe\u00f1o informado o potencial de una [&hellip;]<\/p>\n","protected":false},"author":3,"featured_media":0,"parent":0,"menu_order":0,"comment_status":"closed","ping_status":"closed","template":"","meta":{"_et_pb_use_builder":"on","_et_pb_old_content":"<p>[woocommerce_my_account]<\/p>","_et_gb_content_width":""},"yoast_head":"<!-- This site is optimized with the Yoast SEO plugin v17.3 - https:\/\/yoast.com\/wordpress\/plugins\/seo\/ -->\n<title>Mi cuenta - Fundaci\u00f3n Mente<\/title>\n<meta name=\"robots\" content=\"index, follow, max-snippet:-1, max-image-preview:large, max-video-preview:-1\" \/>\n<link rel=\"canonical\" href=\"https:\/\/fundacionmente.com\/academia\/mi-cuenta\/\" \/>\n<meta property=\"og:locale\" content=\"es_ES\" \/>\n<meta property=\"og:type\" content=\"article\" \/>\n<meta property=\"og:title\" content=\"Mi cuenta - Fundaci\u00f3n Mente\" \/>\n<meta property=\"og:description\" content=\"IMPORTANTE: S\u00f3lo podr\u00e1s seleccionar una opci\u00f3n en esta \u00fanica\u00a0oportunidad, aseg\u00farate de seleccionar la opci\u00f3n en la que te inscribiste. Si ya lo hiciste, ignora este mensaje. Ninguna informaci\u00f3n contenida en este producto debe ser interpretada como una afirmaci\u00f3n para obtenci\u00f3n de resultados. Cualquier referencia al desempe\u00f1o informado o potencial de una [&hellip;]\" \/>\n<meta property=\"og:url\" content=\"https:\/\/fundacionmente.com\/academia\/mi-cuenta\/\" \/>\n<meta property=\"og:site_name\" content=\"Fundaci\u00f3n Mente\" \/>\n<meta property=\"article:modified_time\" content=\"2023-04-11T23:59:00+00:00\" \/>\n<meta name=\"twitter:card\" content=\"summary_large_image\" \/>\n<meta name=\"twitter:label1\" content=\"Tiempo de lectura\" \/>\n\t<meta name=\"twitter:data1\" content=\"2 minutos\" \/>\n<script type=\"application\/ld+json\" class=\"yoast-schema-graph\">{\"@context\":\"https:\/\/schema.org\",\"@graph\":[{\"@type\":\"WebSite\",\"@id\":\"https:\/\/fundacionmente.com\/academia\/#website\",\"url\":\"https:\/\/fundacionmente.com\/academia\/\",\"name\":\"Fundaci\\u00f3n Mente\",\"description\":\"\",\"potentialAction\":[{\"@type\":\"SearchAction\",\"target\":{\"@type\":\"EntryPoint\",\"urlTemplate\":\"https:\/\/fundacionmente.com\/academia\/?s={search_term_string}\"},\"query-input\":\"required name=search_term_string\"}],\"inLanguage\":\"es\"},{\"@type\":\"WebPage\",\"@id\":\"https:\/\/fundacionmente.com\/academia\/mi-cuenta\/#webpage\",\"url\":\"https:\/\/fundacionmente.com\/academia\/mi-cuenta\/\",\"name\":\"Mi cuenta - Fundaci\\u00f3n Mente\",\"isPartOf\":{\"@id\":\"https:\/\/fundacionmente.com\/academia\/#website\"},\"datePublished\":\"2018-07-21T00:32:26+00:00\",\"dateModified\":\"2023-04-11T23:59:00+00:00\",\"breadcrumb\":{\"@id\":\"https:\/\/fundacionmente.com\/academia\/mi-cuenta\/#breadcrumb\"},\"inLanguage\":\"es\",\"potentialAction\":[{\"@type\":\"ReadAction\",\"target\":[\"https:\/\/fundacionmente.com\/academia\/mi-cuenta\/\"]}]},{\"@type\":\"BreadcrumbList\",\"@id\":\"https:\/\/fundacionmente.com\/academia\/mi-cuenta\/#breadcrumb\",\"itemListElement\":[{\"@type\":\"ListItem\",\"position\":1,\"name\":\"Portada\",\"item\":\"https:\/\/fundacionmente.com\/academia\/\"},{\"@type\":\"ListItem\",\"position\":2,\"name\":\"Mi cuenta\"}]}]}<\/script>\n<!-- \/ Yoast SEO plugin. -->","yoast_head_json":{"title":"Mi cuenta - Fundaci\u00f3n Mente","robots":{"index":"index","follow":"follow","max-snippet":"max-snippet:-1","max-image-preview":"max-image-preview:large","max-video-preview":"max-video-preview:-1"},"canonical":"https:\/\/fundacionmente.com\/academia\/mi-cuenta\/","og_locale":"es_ES","og_type":"article","og_title":"Mi cuenta - Fundaci\u00f3n Mente","og_description":"IMPORTANTE: S\u00f3lo podr\u00e1s seleccionar una opci\u00f3n en esta \u00fanica\u00a0oportunidad, aseg\u00farate de seleccionar la opci\u00f3n en la que te inscribiste. Si ya lo hiciste, ignora este mensaje. Ninguna informaci\u00f3n contenida en este producto debe ser interpretada como una afirmaci\u00f3n para obtenci\u00f3n de resultados. Cualquier referencia al desempe\u00f1o informado o potencial de una [&hellip;]","og_url":"https:\/\/fundacionmente.com\/academia\/mi-cuenta\/","og_site_name":"Fundaci\u00f3n Mente","article_modified_time":"2023-04-11T23:59:00+00:00","twitter_card":"summary_large_image","twitter_misc":{"Tiempo de lectura":"2 minutos"},"schema":{"@context":"https:\/\/schema.org","@graph":[{"@type":"WebSite","@id":"https:\/\/fundacionmente.com\/academia\/#website","url":"https:\/\/fundacionmente.com\/academia\/","name":"Fundaci\u00f3n Mente","description":"","potentialAction":[{"@type":"SearchAction","target":{"@type":"EntryPoint","urlTemplate":"https:\/\/fundacionmente.com\/academia\/?s={search_term_string}"},"query-input":"required name=search_term_string"}],"inLanguage":"es"},{"@type":"WebPage","@id":"https:\/\/fundacionmente.com\/academia\/mi-cuenta\/#webpage","url":"https:\/\/fundacionmente.com\/academia\/mi-cuenta\/","name":"Mi cuenta - Fundaci\u00f3n Mente","isPartOf":{"@id":"https:\/\/fundacionmente.com\/academia\/#website"},"datePublished":"2018-07-21T00:32:26+00:00","dateModified":"2023-04-11T23:59:00+00:00","breadcrumb":{"@id":"https:\/\/fundacionmente.com\/academia\/mi-cuenta\/#breadcrumb"},"inLanguage":"es","potentialAction":[{"@type":"ReadAction","target":["https:\/\/fundacionmente.com\/academia\/mi-cuenta\/"]}]},{"@type":"BreadcrumbList","@id":"https:\/\/fundacionmente.com\/academia\/mi-cuenta\/#breadcrumb","itemListElement":[{"@type":"ListItem","position":1,"name":"Portada","item":"https:\/\/fundacionmente.com\/academia\/"},{"@type":"ListItem","position":2,"name":"Mi cuenta"}]}]}},"_links":{"self":[{"href":"https:\/\/fundacionmente.com\/academia\/wp-json\/wp\/v2\/pages\/53"}],"collection":[{"href":"https:\/\/fundacionmente.com\/academia\/wp-json\/wp\/v2\/pages"}],"about":[{"href":"https:\/\/fundacionmente.com\/academia\/wp-json\/wp\/v2\/types\/page"}],"author":[{"embeddable":true,"href":"https:\/\/fundacionmente.com\/academia\/wp-json\/wp\/v2\/users\/3"}],"replies":[{"embeddable":true,"href":"https:\/\/fundacionmente.com\/academia\/wp-json\/wp\/v2\/comments?post=53"}],"version-history":[{"count":21,"href":"https:\/\/fundacionmente.com\/academia\/wp-json\/wp\/v2\/pages\/53\/revisions"}],"predecessor-version":[{"id":2934,"href":"https:\/\/fundacionmente.com\/academia\/wp-json\/wp\/v2\/pages\/53\/revisions\/2934"}],"wp:attachment":[{"href":"https:\/\/fundacionmente.com\/academia\/wp-json\/wp\/v2\/media?parent=53"}],"curies":[{"name":"wp","href":"https:\/\/api.w.org\/{rel}","templated":true}]}}