{"id":2576,"date":"2022-10-31T15:25:33","date_gmt":"2022-10-31T18:25:33","guid":{"rendered":"https:\/\/fundacionmente.com\/academia\/?post_type=product&#038;p=2576"},"modified":"2022-10-31T15:25:35","modified_gmt":"2022-10-31T18:25:35","slug":"curso-de-formacion-clinica-la-relacion-terapeutica-y-la-tecnica-de-la-moviola","status":"publish","type":"product","link":"https:\/\/fundacionmente.com\/academia\/producto\/curso-de-formacion-clinica-la-relacion-terapeutica-y-la-tecnica-de-la-moviola\/","title":{"rendered":"Curso de Formaci\u00f3n Cl\u00ednica: \u201cLa relaci\u00f3n terap\u00e9utica y la t\u00e9cnica de la moviola\u201d"},"content":{"rendered":"","protected":false},"excerpt":{"rendered":"","protected":false},"featured_media":0,"template":"","meta":{"_et_pb_use_builder":"","_et_pb_old_content":"","_et_gb_content_width":""},"product_cat":[21],"product_tag":[],"yoast_head":"<!-- This site is optimized with the Yoast SEO plugin v17.3 - https:\/\/yoast.com\/wordpress\/plugins\/seo\/ -->\n<title>Curso de Formaci\u00f3n Cl\u00ednica: \u201cLa relaci\u00f3n terap\u00e9utica y la t\u00e9cnica de la moviola\u201d - Fundaci\u00f3n Mente<\/title>\n<meta name=\"robots\" content=\"index, follow, max-snippet:-1, max-image-preview:large, max-video-preview:-1\" \/>\n<link rel=\"canonical\" href=\"https:\/\/fundacionmente.com\/academia\/producto\/curso-de-formacion-clinica-la-relacion-terapeutica-y-la-tecnica-de-la-moviola\/\" \/>\n<meta property=\"og:locale\" content=\"es_ES\" \/>\n<meta property=\"og:type\" content=\"article\" \/>\n<meta property=\"og:title\" content=\"Curso de Formaci\u00f3n Cl\u00ednica: \u201cLa relaci\u00f3n terap\u00e9utica y la t\u00e9cnica de la moviola\u201d - Fundaci\u00f3n Mente\" \/>\n<meta property=\"og:url\" content=\"https:\/\/fundacionmente.com\/academia\/producto\/curso-de-formacion-clinica-la-relacion-terapeutica-y-la-tecnica-de-la-moviola\/\" \/>\n<meta property=\"og:site_name\" content=\"Fundaci\u00f3n Mente\" \/>\n<meta property=\"article:modified_time\" content=\"2022-10-31T18:25:35+00:00\" \/>\n<meta name=\"twitter:card\" content=\"summary_large_image\" \/>\n<script type=\"application\/ld+json\" class=\"yoast-schema-graph\">{\"@context\":\"https:\/\/schema.org\",\"@graph\":[{\"@type\":\"WebSite\",\"@id\":\"https:\/\/fundacionmente.com\/academia\/#website\",\"url\":\"https:\/\/fundacionmente.com\/academia\/\",\"name\":\"Fundaci\\u00f3n Mente\",\"description\":\"\",\"potentialAction\":[{\"@type\":\"SearchAction\",\"target\":{\"@type\":\"EntryPoint\",\"urlTemplate\":\"https:\/\/fundacionmente.com\/academia\/?s={search_term_string}\"},\"query-input\":\"required name=search_term_string\"}],\"inLanguage\":\"es\"},{\"@type\":\"WebPage\",\"@id\":\"https:\/\/fundacionmente.com\/academia\/producto\/curso-de-formacion-clinica-la-relacion-terapeutica-y-la-tecnica-de-la-moviola\/#webpage\",\"url\":\"https:\/\/fundacionmente.com\/academia\/producto\/curso-de-formacion-clinica-la-relacion-terapeutica-y-la-tecnica-de-la-moviola\/\",\"name\":\"Curso de Formaci\\u00f3n Cl\\u00ednica: \\u201cLa relaci\\u00f3n terap\\u00e9utica y la t\\u00e9cnica de la moviola\\u201d - Fundaci\\u00f3n Mente\",\"isPartOf\":{\"@id\":\"https:\/\/fundacionmente.com\/academia\/#website\"},\"datePublished\":\"2022-10-31T18:25:33+00:00\",\"dateModified\":\"2022-10-31T18:25:35+00:00\",\"breadcrumb\":{\"@id\":\"https:\/\/fundacionmente.com\/academia\/producto\/curso-de-formacion-clinica-la-relacion-terapeutica-y-la-tecnica-de-la-moviola\/#breadcrumb\"},\"inLanguage\":\"es\",\"potentialAction\":[{\"@type\":\"ReadAction\",\"target\":[\"https:\/\/fundacionmente.com\/academia\/producto\/curso-de-formacion-clinica-la-relacion-terapeutica-y-la-tecnica-de-la-moviola\/\"]}]},{\"@type\":\"BreadcrumbList\",\"@id\":\"https:\/\/fundacionmente.com\/academia\/producto\/curso-de-formacion-clinica-la-relacion-terapeutica-y-la-tecnica-de-la-moviola\/#breadcrumb\",\"itemListElement\":[{\"@type\":\"ListItem\",\"position\":1,\"name\":\"Portada\",\"item\":\"https:\/\/fundacionmente.com\/academia\/\"},{\"@type\":\"ListItem\",\"position\":2,\"name\":\"Productos\",\"item\":\"https:\/\/fundacionmente.com\/academia\/shop\/\"},{\"@type\":\"ListItem\",\"position\":3,\"name\":\"Curso de Formaci\\u00f3n Cl\\u00ednica: \\u201cLa relaci\\u00f3n terap\\u00e9utica y la t\\u00e9cnica de la moviola\\u201d\"}]}]}<\/script>\n<!-- \/ Yoast SEO plugin. -->","yoast_head_json":{"title":"Curso de Formaci\u00f3n Cl\u00ednica: \u201cLa relaci\u00f3n terap\u00e9utica y la t\u00e9cnica de la moviola\u201d - Fundaci\u00f3n Mente","robots":{"index":"index","follow":"follow","max-snippet":"max-snippet:-1","max-image-preview":"max-image-preview:large","max-video-preview":"max-video-preview:-1"},"canonical":"https:\/\/fundacionmente.com\/academia\/producto\/curso-de-formacion-clinica-la-relacion-terapeutica-y-la-tecnica-de-la-moviola\/","og_locale":"es_ES","og_type":"article","og_title":"Curso de Formaci\u00f3n Cl\u00ednica: \u201cLa relaci\u00f3n terap\u00e9utica y la t\u00e9cnica de la moviola\u201d - Fundaci\u00f3n Mente","og_url":"https:\/\/fundacionmente.com\/academia\/producto\/curso-de-formacion-clinica-la-relacion-terapeutica-y-la-tecnica-de-la-moviola\/","og_site_name":"Fundaci\u00f3n Mente","article_modified_time":"2022-10-31T18:25:35+00:00","twitter_card":"summary_large_image","schema":{"@context":"https:\/\/schema.org","@graph":[{"@type":"WebSite","@id":"https:\/\/fundacionmente.com\/academia\/#website","url":"https:\/\/fundacionmente.com\/academia\/","name":"Fundaci\u00f3n Mente","description":"","potentialAction":[{"@type":"SearchAction","target":{"@type":"EntryPoint","urlTemplate":"https:\/\/fundacionmente.com\/academia\/?s={search_term_string}"},"query-input":"required name=search_term_string"}],"inLanguage":"es"},{"@type":"WebPage","@id":"https:\/\/fundacionmente.com\/academia\/producto\/curso-de-formacion-clinica-la-relacion-terapeutica-y-la-tecnica-de-la-moviola\/#webpage","url":"https:\/\/fundacionmente.com\/academia\/producto\/curso-de-formacion-clinica-la-relacion-terapeutica-y-la-tecnica-de-la-moviola\/","name":"Curso de Formaci\u00f3n Cl\u00ednica: \u201cLa relaci\u00f3n terap\u00e9utica y la t\u00e9cnica de la moviola\u201d - Fundaci\u00f3n Mente","isPartOf":{"@id":"https:\/\/fundacionmente.com\/academia\/#website"},"datePublished":"2022-10-31T18:25:33+00:00","dateModified":"2022-10-31T18:25:35+00:00","breadcrumb":{"@id":"https:\/\/fundacionmente.com\/academia\/producto\/curso-de-formacion-clinica-la-relacion-terapeutica-y-la-tecnica-de-la-moviola\/#breadcrumb"},"inLanguage":"es","potentialAction":[{"@type":"ReadAction","target":["https:\/\/fundacionmente.com\/academia\/producto\/curso-de-formacion-clinica-la-relacion-terapeutica-y-la-tecnica-de-la-moviola\/"]}]},{"@type":"BreadcrumbList","@id":"https:\/\/fundacionmente.com\/academia\/producto\/curso-de-formacion-clinica-la-relacion-terapeutica-y-la-tecnica-de-la-moviola\/#breadcrumb","itemListElement":[{"@type":"ListItem","position":1,"name":"Portada","item":"https:\/\/fundacionmente.com\/academia\/"},{"@type":"ListItem","position":2,"name":"Productos","item":"https:\/\/fundacionmente.com\/academia\/shop\/"},{"@type":"ListItem","position":3,"name":"Curso de Formaci\u00f3n Cl\u00ednica: \u201cLa relaci\u00f3n terap\u00e9utica y la t\u00e9cnica de la moviola\u201d"}]}]}},"_links":{"self":[{"href":"https:\/\/fundacionmente.com\/academia\/wp-json\/wp\/v2\/product\/2576"}],"collection":[{"href":"https:\/\/fundacionmente.com\/academia\/wp-json\/wp\/v2\/product"}],"about":[{"href":"https:\/\/fundacionmente.com\/academia\/wp-json\/wp\/v2\/types\/product"}],"wp:attachment":[{"href":"https:\/\/fundacionmente.com\/academia\/wp-json\/wp\/v2\/media?parent=2576"}],"wp:term":[{"taxonomy":"product_cat","embeddable":true,"href":"https:\/\/fundacionmente.com\/academia\/wp-json\/wp\/v2\/product_cat?post=2576"},{"taxonomy":"product_tag","embeddable":true,"href":"https:\/\/fundacionmente.com\/academia\/wp-json\/wp\/v2\/product_tag?post=2576"}],"curies":[{"name":"wp","href":"https:\/\/api.w.org\/{rel}","templated":true}]}}